{"id":52,"date":"2019-01-22T21:42:07","date_gmt":"2019-01-22T20:42:07","guid":{"rendered":"http:\/\/localhost\/garf\/?page_id=52"},"modified":"2026-02-24T16:17:01","modified_gmt":"2026-02-24T15:17:01","slug":"infos","status":"publish","type":"page","link":"https:\/\/goldenagerock.be\/en\/infos\/","title":{"rendered":"Practical infos"},"content":{"rendered":"<p><\/p>\n<h2>Where ?<\/h2>\n<p>The GARF takes place in one of the most beautiful concert hall in Wallonia, at the Cultural Center of Ch\u00ean\u00e9e, rue de l&#8217;Eglise, 1, in 4032 Li\u00e8ge (Ch\u00ean\u00e9e), a few kilometers from the city center and the Guillemins TGV station.<br \/>\nThe venue is mainly with standing places, but it is also equipped with a bleacher with seats in the back, accessible to all\u00a0 without the possibility of booking (we no longer make a VIP ticket).<\/p>\n<p><iframe loading=\"lazy\" style=\"border: 0;\" src=\"https:\/\/www.google.com\/maps\/embed?pb=!1m18!1m12!1m3!1d1376.0320264173042!2d5.616745504476817!3d50.611468387971584!2m3!1f0!2f0!3f0!3m2!1i1024!2i768!4f13.1!3m3!1m2!1s0x47c0f724a7a28a29%3A0x2d89c74c48a5ebe!2sCentre%20Culturel%20de%20Ch%C3%AAn%C3%A9e!5e0!3m2!1sfr!2sbe!4v1678985696666!5m2!1sfr!2sbe\" width=\"600\" height=\"450\" allowfullscreen=\"allowfullscreen\"><\/iframe><\/p>\n<h2>Train ? Bus ?<\/h2>\n<p>Li\u00e8ge TGV station (Gare des Guillemins) is an 8&#8242; taxi ride from the venue, you can also take the TEC bus (lines 17 . 25 . 27 . 29 . 30 . 31 . 64 . 65) or the train via Ch\u00ean\u00e9e station which is a few minutes&#8217; walk from the venue. There are also TEC buses 26, 31 and 33 from the city center.<\/p>\n<p>See : <a class=\"m_-8969362992719982487moz-txt-link-freetext\" href=\"https:\/\/www.belgiantrain.be\/\" target=\"_blank\" rel=\"noopener noreferrer\" data-saferedirecturl=\"https:\/\/www.google.com\/url?q=https:\/\/www.belgiantrain.be&amp;source=gmail&amp;ust=1548930390367000&amp;usg=AFQjCNElK89m0GgNDkvd_xoaivRliV9wCQ\">www.belgiantrain.be<\/a>, <a class=\"m_-8969362992719982487moz-txt-link-freetext\" href=\"https:\/\/www.infotec.be\/\" target=\"_blank\" rel=\"noopener noreferrer\" data-saferedirecturl=\"https:\/\/www.google.com\/url?q=https:\/\/www.infotec.be&amp;source=gmail&amp;ust=1548930390367000&amp;usg=AFQjCNE89atjacZz13uuM0Nsuv7gpCf9jg\">www.infotec.be<\/a><\/p>\n<h2>Carpooling ?<\/h2>\n<p>We encourage car sharing, use ComeOn app, info : <a href=\"http:\/\/mobilite.wallonie.be\/home\/je-suis\/un-citoyen\/en-voiture\/services-et-solutions\/covoiturage\/comon.html\">ComeOn<\/a><\/p>\n<p>&nbsp;<\/p>\n<h2 id=\"tickets\">Presales ?<\/h2>\n<p>Online via Billetweb : <a href=\"https:\/\/www.billetweb.fr\/shop.php?event=5e-golden-age-of-rock-festival-a-liege\">goldenagerock.be\/tickets<\/a><\/p>\n<p><a style=\"font-size: 12px;\" href=\"https:\/\/goldenagerock.be\/en\/conditions-generales-de-vente\/\">General conditions of sale<\/a><\/p>\n<p>The price of each ticket category will be 2 \u20ac more expensive at the doors !!!<\/p>\n<p>&nbsp;<\/p>\n<h2>Accomodation ?<\/h2>\n<p>Youth hostel &#8220;Simenon&#8221; is 10 minutes by car from the venue : <a class=\"m_-8969362992719982487moz-txt-link-freetext\" href=\"https:\/\/www.lesaubergesdejeunesse.be\/liege\" target=\"_blank\" rel=\"noopener noreferrer\" data-saferedirecturl=\"https:\/\/www.google.com\/url?q=https:\/\/www.lesaubergesdejeunesse.be\/liege&amp;source=gmail&amp;ust=1548930390367000&amp;usg=AFQjCNEuBFJ1htsF0Uao-WoccMe-hjr-Fw\">www.<wbr \/>lesaubergesdejeunesse.be\/liege<\/a><\/p>\n<p>A lot of hotels a few kilometers from the venue, see : <a class=\"m_-8969362992719982487moz-txt-link-freetext\" href=\"https:\/\/www.liegetourisme.be\/hotels.html\" target=\"_blank\" rel=\"noopener noreferrer\" data-saferedirecturl=\"https:\/\/www.google.com\/url?q=https:\/\/www.liegetourisme.be\/hotels.html&amp;source=gmail&amp;ust=1548930390367000&amp;usg=AFQjCNG752rc2jHrs9lQ_PUvHvvRQoB9Gw\">www.liegetourisme.be\/<wbr \/>hotels.html<\/a><\/p>\n<p>Also <a class=\"m_-8969362992719982487moz-txt-link-freetext\" href=\"https:\/\/www.airbnb.fr\/\" target=\"_blank\" rel=\"noopener noreferrer\" data-saferedirecturl=\"https:\/\/www.google.com\/url?q=https:\/\/www.airbnb.fr&amp;source=gmail&amp;ust=1548930390367000&amp;usg=AFQjCNFoQbxM2SUbCub8enys9eEh5DSOKQ\">www.airbnb.fr<\/a> and <a class=\"m_-8969362992719982487moz-txt-link-freetext\" href=\"https:\/\/www.booking.com\/index.fr.html\" target=\"_blank\" rel=\"noopener noreferrer\" data-saferedirecturl=\"https:\/\/www.google.com\/url?q=https:\/\/www.booking.com\/index.fr.html&amp;source=gmail&amp;ust=1548930390367000&amp;usg=AFQjCNGeMaRTOMmKcmxEDBM1Mvrwi0nyBQ\">www.booking.com\/index.<wbr \/>fr.html<\/a><\/p>\n<p>And why not : <a class=\"m_-8969362992719982487moz-txt-link-freetext\" href=\"https:\/\/www.couchsurfing.com\/\" target=\"_blank\" rel=\"noopener noreferrer\" data-saferedirecturl=\"https:\/\/www.google.com\/url?q=https:\/\/www.couchsurfing.com\/&amp;source=gmail&amp;ust=1548930390367000&amp;usg=AFQjCNEVbwS0n5L9Pg5MvsUHmUxhXBIvDQ\">www.couchsurfing.com\/<\/a><\/p>\n<p>There is no camping, we are in the inner suburbs of a big city, but possibility to park your camper nearby, on the public highway, many free parking spaces along the river &#8220;Vesdre&#8221; &#8230;<\/p>\n<div id=\"ConnectiveDocSignExtentionInstalled\" data-extension-version=\"1.0.4\"><\/div>\n<p><\/p>","protected":false},"excerpt":{"rendered":"<p>Where ? The GARF takes place in one of the [&hellip;]<\/p>\n","protected":false},"author":1,"featured_media":0,"parent":0,"menu_order":0,"comment_status":"closed","ping_status":"closed","template":"","meta":{"_mi_skip_tracking":false},"categories":[],"tags":[],"acf":[],"yoast_head":"<!-- This site is optimized with the Yoast SEO plugin v17.8 - https:\/\/yoast.com\/wordpress\/plugins\/seo\/ -->\n<title>Practical infos - Golgen Age Rock Festival<\/title>\n<meta name=\"robots\" content=\"index, follow, max-snippet:-1, max-image-preview:large, max-video-preview:-1\" \/>\n<link rel=\"canonical\" href=\"https:\/\/goldenagerock.be\/infos\/\" \/>\n<meta property=\"og:locale\" content=\"en_US\" \/>\n<meta property=\"og:type\" content=\"article\" \/>\n<meta property=\"og:title\" content=\"Practical infos - Golgen Age Rock Festival\" \/>\n<meta property=\"og:description\" content=\"Where ? The GARF takes place in one of the [&hellip;]\" \/>\n<meta property=\"og:url\" content=\"https:\/\/goldenagerock.be\/infos\/\" \/>\n<meta property=\"og:site_name\" content=\"Golgen Age Rock Festival\" \/>\n<meta property=\"article:publisher\" content=\"https:\/\/www.facebook.com\/goldenagerock\/\" \/>\n<meta property=\"article:modified_time\" content=\"2026-02-24T15:17:01+00:00\" \/>\n<meta name=\"twitter:card\" content=\"summary_large_image\" \/>\n<meta name=\"twitter:label1\" content=\"Est. reading time\" \/>\n\t<meta name=\"twitter:data1\" content=\"2 minutes\" \/>\n<script type=\"application\/ld+json\" class=\"yoast-schema-graph\">{\"@context\":\"https:\/\/schema.org\",\"@graph\":[{\"@type\":\"WebSite\",\"@id\":\"https:\/\/goldenagerock.be\/#website\",\"url\":\"https:\/\/goldenagerock.be\/\",\"name\":\"Golgen Age Rock Festival\",\"description\":\"\",\"potentialAction\":[{\"@type\":\"SearchAction\",\"target\":{\"@type\":\"EntryPoint\",\"urlTemplate\":\"https:\/\/goldenagerock.be\/?s={search_term_string}\"},\"query-input\":\"required name=search_term_string\"}],\"inLanguage\":\"en-US\"},{\"@type\":\"WebPage\",\"@id\":\"https:\/\/goldenagerock.be\/infos\/#webpage\",\"url\":\"https:\/\/goldenagerock.be\/infos\/\",\"name\":\"Practical infos - Golgen Age Rock Festival\",\"isPartOf\":{\"@id\":\"https:\/\/goldenagerock.be\/#website\"},\"datePublished\":\"2019-01-22T20:42:07+00:00\",\"dateModified\":\"2026-02-24T15:17:01+00:00\",\"breadcrumb\":{\"@id\":\"https:\/\/goldenagerock.be\/infos\/#breadcrumb\"},\"inLanguage\":\"en-US\",\"potentialAction\":[{\"@type\":\"ReadAction\",\"target\":[\"https:\/\/goldenagerock.be\/infos\/\"]}]},{\"@type\":\"BreadcrumbList\",\"@id\":\"https:\/\/goldenagerock.be\/infos\/#breadcrumb\",\"itemListElement\":[{\"@type\":\"ListItem\",\"position\":1,\"name\":\"Accueil\",\"item\":\"https:\/\/goldenagerock.be\/\"},{\"@type\":\"ListItem\",\"position\":2,\"name\":\"Infos pratiques\"}]}]}<\/script>\n<!-- \/ Yoast SEO plugin. -->","yoast_head_json":{"title":"Practical infos - Golgen Age Rock Festival","robots":{"index":"index","follow":"follow","max-snippet":"max-snippet:-1","max-image-preview":"max-image-preview:large","max-video-preview":"max-video-preview:-1"},"canonical":"https:\/\/goldenagerock.be\/infos\/","og_locale":"en_US","og_type":"article","og_title":"Practical infos - Golgen Age Rock Festival","og_description":"Where ? The GARF takes place in one of the [&hellip;]","og_url":"https:\/\/goldenagerock.be\/infos\/","og_site_name":"Golgen Age Rock Festival","article_publisher":"https:\/\/www.facebook.com\/goldenagerock\/","article_modified_time":"2026-02-24T15:17:01+00:00","twitter_card":"summary_large_image","twitter_misc":{"Est. reading time":"2 minutes"},"schema":{"@context":"https:\/\/schema.org","@graph":[{"@type":"WebSite","@id":"https:\/\/goldenagerock.be\/#website","url":"https:\/\/goldenagerock.be\/","name":"Golgen Age Rock Festival","description":"","potentialAction":[{"@type":"SearchAction","target":{"@type":"EntryPoint","urlTemplate":"https:\/\/goldenagerock.be\/?s={search_term_string}"},"query-input":"required name=search_term_string"}],"inLanguage":"en-US"},{"@type":"WebPage","@id":"https:\/\/goldenagerock.be\/infos\/#webpage","url":"https:\/\/goldenagerock.be\/infos\/","name":"Practical infos - Golgen Age Rock Festival","isPartOf":{"@id":"https:\/\/goldenagerock.be\/#website"},"datePublished":"2019-01-22T20:42:07+00:00","dateModified":"2026-02-24T15:17:01+00:00","breadcrumb":{"@id":"https:\/\/goldenagerock.be\/infos\/#breadcrumb"},"inLanguage":"en-US","potentialAction":[{"@type":"ReadAction","target":["https:\/\/goldenagerock.be\/infos\/"]}]},{"@type":"BreadcrumbList","@id":"https:\/\/goldenagerock.be\/infos\/#breadcrumb","itemListElement":[{"@type":"ListItem","position":1,"name":"Accueil","item":"https:\/\/goldenagerock.be\/"},{"@type":"ListItem","position":2,"name":"Infos pratiques"}]}]}},"_links":{"self":[{"href":"https:\/\/goldenagerock.be\/en\/wp-json\/wp\/v2\/pages\/52"}],"collection":[{"href":"https:\/\/goldenagerock.be\/en\/wp-json\/wp\/v2\/pages"}],"about":[{"href":"https:\/\/goldenagerock.be\/en\/wp-json\/wp\/v2\/types\/page"}],"author":[{"embeddable":true,"href":"https:\/\/goldenagerock.be\/en\/wp-json\/wp\/v2\/users\/1"}],"replies":[{"embeddable":true,"href":"https:\/\/goldenagerock.be\/en\/wp-json\/wp\/v2\/comments?post=52"}],"version-history":[{"count":141,"href":"https:\/\/goldenagerock.be\/en\/wp-json\/wp\/v2\/pages\/52\/revisions"}],"predecessor-version":[{"id":1935,"href":"https:\/\/goldenagerock.be\/en\/wp-json\/wp\/v2\/pages\/52\/revisions\/1935"}],"wp:attachment":[{"href":"https:\/\/goldenagerock.be\/en\/wp-json\/wp\/v2\/media?parent=52"}],"wp:term":[{"taxonomy":"category","embeddable":true,"href":"https:\/\/goldenagerock.be\/en\/wp-json\/wp\/v2\/categories?post=52"},{"taxonomy":"post_tag","embeddable":true,"href":"https:\/\/goldenagerock.be\/en\/wp-json\/wp\/v2\/tags?post=52"}],"curies":[{"name":"wp","href":"https:\/\/api.w.org\/{rel}","templated":true}]}}