{"id":1537,"date":"2023-06-15T11:43:44","date_gmt":"2023-06-15T09:43:44","guid":{"rendered":"https:\/\/goldenagerock.be\/?page_id=1537"},"modified":"2023-08-07T16:30:55","modified_gmt":"2023-08-07T14:30:55","slug":"highway-chile-helloise-nl","status":"publish","type":"page","link":"https:\/\/goldenagerock.be\/nl\/highway-chile-helloise-nl\/","title":{"rendered":"Highway Chile \/ Hello\u00efse (Nl)"},"content":{"rendered":"<p><img loading=\"lazy\" class=\"size-medium wp-image-1440 alignleft\" src=\"https:\/\/goldenagerock.be\/wp-content\/uploads\/2023\/08\/Highway-Chile-Helloise-Annonce-2-300x300.png\" alt=\"\" width=\"300\" height=\"300\" \/><\/p>\n<p>Twee groepen voor \u00e9\u00e9n spandoek! Origineel in een wereld van boze groepen. Grappig en uiteindelijk intelligent op het niveau van de directory en marketing.<\/p>\n<p>Flashback: de jaren 80 komen eraan en het Europese harde (continentale!) toont zijn enorme vooruitgang en zijn hang naar de Angelsaksische wereld (ultradominant). De bittere Bataven (totaalvoetbal!) zullen geen tapijt zijn. Vengeance en Picture zullen in de vorm van de priester zijn. Vandenberg zal melodie\u00ebn en de VS in de gaten houden.<\/p>\n<p>Highway Chile, van dappere Rotterdammers, zal geen last hebben van vergelijkingen met Def Leppard na een eerste opus in 1983: Storybook Heroes. Maar Ben Blaauw (de gitaarheld) en Ernst van Ee (de slagman) gefrustreerd door te veel dingen (een beperkte zanger bijvoorbeeld) kiezen al snel voor het Hello\u00efse-avontuur met de superzanger Stan Verbraak. Na Cosmogony (1985) en Polarity (1986) mag er niet meer getwijfeld worden: Hello\u00efse is een zwaard van melodieuze hardrock met een Amerikaanse inslag maar met een heel Europees geluid.<\/p>\n<p>De aanwezigheid van deze (deze) te onderschatte groep(en) is een uitkomst.<br \/>\nDeze Highway Chile \/ Hello\u00efse zou wel eens de grote verrassing kunnen zijn van onze 3e GARF.<\/p>\n<p><a href=\"https:\/\/www.facebook.com\/highwaychileband\/?__tn__=kK*F\"><img loading=\"lazy\" src=\"https:\/\/goldenagerock.be\/wp-content\/uploads\/2023\/06\/Facebook-white-300x300.png\" alt=\"\" width=\"50\" height=\"50\" \/><\/a> <a href=\"http:\/\/www.highwaychile.nl\/\"><img loading=\"lazy\" src=\"https:\/\/goldenagerock.be\/wp-content\/uploads\/2023\/06\/Website-white-150x150.png\" alt=\"\" width=\"50\" height=\"50\" \/><\/a> <a href=\"https:\/\/www.youtube.com\/channel\/UCvf8v8_l1qehT-eYOz2Ssow\"><img loading=\"lazy\" src=\"https:\/\/goldenagerock.be\/wp-content\/uploads\/2023\/06\/Youtube-white-300x300.png\" alt=\"\" width=\"50\" height=\"50\" \/><\/a><a href=\"https:\/\/open.spotify.com\/artist\/2UfTnC6ZHYKyXZVzM6kTFS?si=xjzSnfdHSkKmvgF0xsemFw\"><img loading=\"lazy\" src=\"https:\/\/goldenagerock.be\/wp-content\/uploads\/2023\/06\/Spotify-white-300x300.png\" alt=\"\" width=\"50\" height=\"50\" \/><\/a><\/p>\n<p><iframe loading=\"lazy\" width=\"1166\" height=\"777\" src=\"https:\/\/www.youtube.com\/embed\/BOZJjkwdg4o\" title=\"HELLO\u00cfSE - Broken Hearts (music video)\" frameborder=\"0\" allow=\"accelerometer; autoplay; clipboard-write; encrypted-media; gyroscope; picture-in-picture; web-share\" allowfullscreen><\/iframe><\/p>\n<p><iframe style=\"border-radius:12px\" src=\"https:\/\/open.spotify.com\/embed\/artist\/2UfTnC6ZHYKyXZVzM6kTFS?utm_source=generator&#038;theme=0\" width=\"100%\" height=\"352\" frameBorder=\"0\" allowfullscreen=\"\" allow=\"autoplay; clipboard-write; encrypted-media; fullscreen; picture-in-picture\" loading=\"lazy\"><\/iframe><\/p>\n<div id=\"ConnectiveDocSignExtentionInstalled\" data-extension-version=\"1.0.4\"><\/div>\n<p><\/p>","protected":false},"excerpt":{"rendered":"<p>Twee groepen voor \u00e9\u00e9n spandoek! Origineel in een wereld van [&hellip;]<\/p>\n","protected":false},"author":2,"featured_media":0,"parent":0,"menu_order":0,"comment_status":"closed","ping_status":"closed","template":"","meta":{"_mi_skip_tracking":false},"categories":[10,4],"tags":[],"acf":[],"yoast_head":"<!-- This site is optimized with the Yoast SEO plugin v17.8 - https:\/\/yoast.com\/wordpress\/plugins\/seo\/ -->\n<title>Highway Chile \/ Hello\u00efse (Nl) - Golgen Age Rock Festival<\/title>\n<meta name=\"robots\" content=\"index, follow, max-snippet:-1, max-image-preview:large, max-video-preview:-1\" \/>\n<link rel=\"canonical\" href=\"https:\/\/goldenagerock.be\/highway-chile-helloise-nl\/\" \/>\n<meta property=\"og:locale\" content=\"nl_NL\" \/>\n<meta property=\"og:type\" content=\"article\" \/>\n<meta property=\"og:title\" content=\"Highway Chile \/ Hello\u00efse (Nl) - Golgen Age Rock Festival\" \/>\n<meta property=\"og:description\" content=\"Twee groepen voor \u00e9\u00e9n spandoek! Origineel in een wereld van [&hellip;]\" \/>\n<meta property=\"og:url\" content=\"https:\/\/goldenagerock.be\/highway-chile-helloise-nl\/\" \/>\n<meta property=\"og:site_name\" content=\"Golgen Age Rock Festival\" \/>\n<meta property=\"article:publisher\" content=\"https:\/\/www.facebook.com\/goldenagerock\/\" \/>\n<meta property=\"article:modified_time\" content=\"2023-08-07T14:30:55+00:00\" \/>\n<meta property=\"og:image\" content=\"https:\/\/goldenagerock.be\/wp-content\/uploads\/2023\/08\/Highway-Chile-Helloise-Annonce-2-300x300.png\" \/>\n<meta name=\"twitter:card\" content=\"summary_large_image\" \/>\n<meta name=\"twitter:label1\" content=\"Geschatte leestijd\" \/>\n\t<meta name=\"twitter:data1\" content=\"2 minuten\" \/>\n<script type=\"application\/ld+json\" class=\"yoast-schema-graph\">{\"@context\":\"https:\/\/schema.org\",\"@graph\":[{\"@type\":\"WebSite\",\"@id\":\"https:\/\/goldenagerock.be\/#website\",\"url\":\"https:\/\/goldenagerock.be\/\",\"name\":\"Golgen Age Rock Festival\",\"description\":\"\",\"potentialAction\":[{\"@type\":\"SearchAction\",\"target\":{\"@type\":\"EntryPoint\",\"urlTemplate\":\"https:\/\/goldenagerock.be\/?s={search_term_string}\"},\"query-input\":\"required name=search_term_string\"}],\"inLanguage\":\"nl\"},{\"@type\":\"ImageObject\",\"@id\":\"https:\/\/goldenagerock.be\/highway-chile-helloise-nl\/#primaryimage\",\"inLanguage\":\"nl\",\"url\":\"https:\/\/goldenagerock.be\/wp-content\/uploads\/2023\/08\/Highway-Chile-Helloise-Annonce-2.png\",\"contentUrl\":\"https:\/\/goldenagerock.be\/wp-content\/uploads\/2023\/08\/Highway-Chile-Helloise-Annonce-2.png\",\"width\":2000,\"height\":2000},{\"@type\":\"WebPage\",\"@id\":\"https:\/\/goldenagerock.be\/highway-chile-helloise-nl\/#webpage\",\"url\":\"https:\/\/goldenagerock.be\/highway-chile-helloise-nl\/\",\"name\":\"Highway Chile \/ Hello\\u00efse (Nl) - Golgen Age Rock Festival\",\"isPartOf\":{\"@id\":\"https:\/\/goldenagerock.be\/#website\"},\"primaryImageOfPage\":{\"@id\":\"https:\/\/goldenagerock.be\/highway-chile-helloise-nl\/#primaryimage\"},\"datePublished\":\"2023-06-15T09:43:44+00:00\",\"dateModified\":\"2023-08-07T14:30:55+00:00\",\"breadcrumb\":{\"@id\":\"https:\/\/goldenagerock.be\/highway-chile-helloise-nl\/#breadcrumb\"},\"inLanguage\":\"nl\",\"potentialAction\":[{\"@type\":\"ReadAction\",\"target\":[\"https:\/\/goldenagerock.be\/highway-chile-helloise-nl\/\"]}]},{\"@type\":\"BreadcrumbList\",\"@id\":\"https:\/\/goldenagerock.be\/highway-chile-helloise-nl\/#breadcrumb\",\"itemListElement\":[{\"@type\":\"ListItem\",\"position\":1,\"name\":\"Accueil\",\"item\":\"https:\/\/goldenagerock.be\/\"},{\"@type\":\"ListItem\",\"position\":2,\"name\":\"Highway Chile \/ Hello\\u00efse (Nl)\"}]}]}<\/script>\n<!-- \/ Yoast SEO plugin. -->","yoast_head_json":{"title":"Highway Chile \/ Hello\u00efse (Nl) - Golgen Age Rock Festival","robots":{"index":"index","follow":"follow","max-snippet":"max-snippet:-1","max-image-preview":"max-image-preview:large","max-video-preview":"max-video-preview:-1"},"canonical":"https:\/\/goldenagerock.be\/highway-chile-helloise-nl\/","og_locale":"nl_NL","og_type":"article","og_title":"Highway Chile \/ Hello\u00efse (Nl) - Golgen Age Rock Festival","og_description":"Twee groepen voor \u00e9\u00e9n spandoek! Origineel in een wereld van [&hellip;]","og_url":"https:\/\/goldenagerock.be\/highway-chile-helloise-nl\/","og_site_name":"Golgen Age Rock Festival","article_publisher":"https:\/\/www.facebook.com\/goldenagerock\/","article_modified_time":"2023-08-07T14:30:55+00:00","og_image":[{"url":"https:\/\/goldenagerock.be\/wp-content\/uploads\/2023\/08\/Highway-Chile-Helloise-Annonce-2-300x300.png"}],"twitter_card":"summary_large_image","twitter_misc":{"Geschatte leestijd":"2 minuten"},"schema":{"@context":"https:\/\/schema.org","@graph":[{"@type":"WebSite","@id":"https:\/\/goldenagerock.be\/#website","url":"https:\/\/goldenagerock.be\/","name":"Golgen Age Rock Festival","description":"","potentialAction":[{"@type":"SearchAction","target":{"@type":"EntryPoint","urlTemplate":"https:\/\/goldenagerock.be\/?s={search_term_string}"},"query-input":"required name=search_term_string"}],"inLanguage":"nl"},{"@type":"ImageObject","@id":"https:\/\/goldenagerock.be\/highway-chile-helloise-nl\/#primaryimage","inLanguage":"nl","url":"https:\/\/goldenagerock.be\/wp-content\/uploads\/2023\/08\/Highway-Chile-Helloise-Annonce-2.png","contentUrl":"https:\/\/goldenagerock.be\/wp-content\/uploads\/2023\/08\/Highway-Chile-Helloise-Annonce-2.png","width":2000,"height":2000},{"@type":"WebPage","@id":"https:\/\/goldenagerock.be\/highway-chile-helloise-nl\/#webpage","url":"https:\/\/goldenagerock.be\/highway-chile-helloise-nl\/","name":"Highway Chile \/ Hello\u00efse (Nl) - Golgen Age Rock Festival","isPartOf":{"@id":"https:\/\/goldenagerock.be\/#website"},"primaryImageOfPage":{"@id":"https:\/\/goldenagerock.be\/highway-chile-helloise-nl\/#primaryimage"},"datePublished":"2023-06-15T09:43:44+00:00","dateModified":"2023-08-07T14:30:55+00:00","breadcrumb":{"@id":"https:\/\/goldenagerock.be\/highway-chile-helloise-nl\/#breadcrumb"},"inLanguage":"nl","potentialAction":[{"@type":"ReadAction","target":["https:\/\/goldenagerock.be\/highway-chile-helloise-nl\/"]}]},{"@type":"BreadcrumbList","@id":"https:\/\/goldenagerock.be\/highway-chile-helloise-nl\/#breadcrumb","itemListElement":[{"@type":"ListItem","position":1,"name":"Accueil","item":"https:\/\/goldenagerock.be\/"},{"@type":"ListItem","position":2,"name":"Highway Chile \/ Hello\u00efse (Nl)"}]}]}},"_links":{"self":[{"href":"https:\/\/goldenagerock.be\/nl\/wp-json\/wp\/v2\/pages\/1537"}],"collection":[{"href":"https:\/\/goldenagerock.be\/nl\/wp-json\/wp\/v2\/pages"}],"about":[{"href":"https:\/\/goldenagerock.be\/nl\/wp-json\/wp\/v2\/types\/page"}],"author":[{"embeddable":true,"href":"https:\/\/goldenagerock.be\/nl\/wp-json\/wp\/v2\/users\/2"}],"replies":[{"embeddable":true,"href":"https:\/\/goldenagerock.be\/nl\/wp-json\/wp\/v2\/comments?post=1537"}],"version-history":[{"count":5,"href":"https:\/\/goldenagerock.be\/nl\/wp-json\/wp\/v2\/pages\/1537\/revisions"}],"predecessor-version":[{"id":1720,"href":"https:\/\/goldenagerock.be\/nl\/wp-json\/wp\/v2\/pages\/1537\/revisions\/1720"}],"wp:attachment":[{"href":"https:\/\/goldenagerock.be\/nl\/wp-json\/wp\/v2\/media?parent=1537"}],"wp:term":[{"taxonomy":"category","embeddable":true,"href":"https:\/\/goldenagerock.be\/nl\/wp-json\/wp\/v2\/categories?post=1537"},{"taxonomy":"post_tag","embeddable":true,"href":"https:\/\/goldenagerock.be\/nl\/wp-json\/wp\/v2\/tags?post=1537"}],"curies":[{"name":"wp","href":"https:\/\/api.w.org\/{rel}","templated":true}]}}