{"id":52,"date":"2019-01-22T21:42:07","date_gmt":"2019-01-22T20:42:07","guid":{"rendered":"http:\/\/localhost\/garf\/?page_id=52"},"modified":"2026-02-24T16:17:01","modified_gmt":"2026-02-24T15:17:01","slug":"infos","status":"publish","type":"page","link":"https:\/\/goldenagerock.be\/nl\/infos\/","title":{"rendered":"Praktische info"},"content":{"rendered":"<p><\/p>\n<h2>Waar ?<\/h2>\n<p class=\"Textbody\"><span lang=\"NL-BE\">Het <\/span>GARF vindt plaats in een van de mooiste concertzalen van Walloni\u00eb, in het Cultureel Centrum van Ch\u00ean\u00e9e, rue de l&#8217;Eglise, 1, in 4032 Luik (Ch\u00ean\u00e9e), op enkele kilometers van het stadscentrum en het TGV-station Guillemins.<br \/>\nDe zaal is voornamelijk met staanplaatsen, maar is ook voorzien van een tribune met zitjes achterin, voor iedereen toegankelijk en zonder mogelijkheid tot reserveren (wij maken geen VIP-ticket meer).<\/p>\n<p><iframe loading=\"lazy\" style=\"border: 0;\" src=\"https:\/\/www.google.com\/maps\/embed?pb=!1m18!1m12!1m3!1d1376.0320264173042!2d5.616745504476817!3d50.611468387971584!2m3!1f0!2f0!3f0!3m2!1i1024!2i768!4f13.1!3m3!1m2!1s0x47c0f724a7a28a29%3A0x2d89c74c48a5ebe!2sCentre%20Culturel%20de%20Ch%C3%AAn%C3%A9e!5e0!3m2!1sfr!2sbe!4v1678985696666!5m2!1sfr!2sbe\" width=\"600\" height=\"450\" allowfullscreen=\"allowfullscreen\"><\/iframe><\/p>\n<h2>Trein ? Bus ?<\/h2>\n<p class=\"Textbody\"><span lang=\"NL-BE\">Het TGV-station van Luik (Gare des Guillemins) ligt op 8 minuten met de taxi van de locatie, u kunt ook de TEC-bus (lines 17 . 25 . 27 . 29 . 30 . 31 . 64 . 65) nemen of de trein via het station van Ch\u00ean\u00e9e, dat op een paar minuten lopen van de locatie ligt. Er zijn ook TEC-bussen 26, 31 en 33 vanuit het stadscentrum.<\/span><\/p>\n<p class=\"Textbody\"><span lang=\"NL-BE\">Kijk op <a href=\"http:\/\/www.detrein.be\">www.detrein.be<\/a><\/span>, <a href=\"https:\/\/www.infotec.be\/\">www.infotec.be<\/a><\/p>\n<h2>Meerijden ?<\/h2>\n<p>Wij moedigen aan om met iemand mee te rijden. Gebruik de app COME ON. Info: info : <a href=\"http:\/\/mobilite.wallonie.be\/home\/je-suis\/un-citoyen\/en-voiture\/services-et-solutions\/covoiturage\/comon.html\">ComeOn<\/a><\/p>\n<h2 id=\"tickets\">Voorverkoop ?<\/h2>\n<p>Online via Billetweb : <a href=\"https:\/\/www.billetweb.fr\/shop.php?event=5e-golden-age-of-rock-festival-a-liege\">goldenagerock.be\/tickets<\/a><\/p>\n<p><a style=\"font-size: 12px;\" href=\"https:\/\/goldenagerock.be\/conditions-generales-de-vente\/\">Algemene verkoopvoorwaarden<\/a><\/p>\n<p>De prijs van elke ticketcategorie zal 2 \u20ac duurder zijn bij de kassa op dezelfde dag !!!<\/p>\n<p>&nbsp;<\/p>\n<h2>Overnachting ?<\/h2>\n<p class=\"Textbody\"><span lang=\"NL-BE\">Het Jeugdherberg Simenon bevindt zich op 10&#8242; met de taxi van de zaal: <a href=\"https:\/\/www.lesaubergesdejeunesse.be\/nl\/liege-jeugdherberg\">https:\/\/www.lesaubergesdejeunesse.be\/nl\/liege-jeugdherberg<\/a><\/span><\/p>\n<p class=\"Textbody\"><span lang=\"NL-BE\">Er zijn ook hotels in de buurt te vinden: <a href=\"https:\/\/www.liegetourisme.be\/hotels.html\">https:\/\/www.liegetourisme.be\/hotels.html<\/a><\/span><\/p>\n<p class=\"Textbody\"><span lang=\"NL-BE\">Ook <a class=\"m_-8969362992719982487moz-txt-link-freetext\" href=\"https:\/\/www.airbnb.nl\" target=\"_blank\" rel=\"noopener noreferrer\" data-saferedirecturl=\"https:\/\/www.google.com\/url?q=https:\/\/www.airbnb.fr&amp;source=gmail&amp;ust=1548930390367000&amp;usg=AFQjCNFoQbxM2SUbCub8enys9eEh5DSOKQ\">www.airbnb.nl<\/a><\/span> en <a class=\"m_-8969362992719982487moz-txt-link-freetext\" href=\"https:\/\/www.booking.com\/index.nl.html\" target=\"_blank\" rel=\"noopener noreferrer\" data-saferedirecturl=\"https:\/\/www.google.com\/url?q=https:\/\/www.booking.com\/index.fr.html&amp;source=gmail&amp;ust=1548930390367000&amp;usg=AFQjCNGeMaRTOMmKcmxEDBM1Mvrwi0nyBQ\">www.booking.com\/index.<wbr \/>nl.html<\/a>.<\/p>\n<p class=\"Textbody\"><span lang=\"NL-BE\">En waarom niet? <a href=\"https:\/\/www.couchsurfing.com\/\" target=\"_blank\" rel=\"noopener noreferrer\" data-saferedirecturl=\"https:\/\/www.google.com\/url?q=https:\/\/www.couchsurfing.com\/&amp;source=gmail&amp;ust=1548930390367000&amp;usg=AFQjCNEVbwS0n5L9Pg5MvsUHmUxhXBIvDQ\">www.couchsurfing.com\/<\/a><\/span>.<\/p>\n<p>Er is geen camping, we zijn in de binnensteden van een grote stad, maar de mogelijkheid om uw camper in de buurt te parkeren, op de openbare weg, veel parkeerplaatsen langs de Vesdre &#8230;<\/p>\n<div id=\"ConnectiveDocSignExtentionInstalled\" data-extension-version=\"1.0.4\"><\/div>\n<p><\/p>","protected":false},"excerpt":{"rendered":"<p>Waar ? Het GARF vindt plaats in een van de [&hellip;]<\/p>\n","protected":false},"author":1,"featured_media":0,"parent":0,"menu_order":0,"comment_status":"closed","ping_status":"closed","template":"","meta":{"_mi_skip_tracking":false},"categories":[],"tags":[],"acf":[],"yoast_head":"<!-- This site is optimized with the Yoast SEO plugin v17.8 - https:\/\/yoast.com\/wordpress\/plugins\/seo\/ -->\n<title>Praktische info - Golgen Age Rock Festival<\/title>\n<meta name=\"robots\" content=\"index, follow, max-snippet:-1, max-image-preview:large, max-video-preview:-1\" \/>\n<link rel=\"canonical\" href=\"https:\/\/goldenagerock.be\/infos\/\" \/>\n<meta property=\"og:locale\" content=\"nl_NL\" \/>\n<meta property=\"og:type\" content=\"article\" \/>\n<meta property=\"og:title\" content=\"Praktische info - Golgen Age Rock Festival\" \/>\n<meta property=\"og:description\" content=\"Waar ? Het GARF vindt plaats in een van de [&hellip;]\" \/>\n<meta property=\"og:url\" content=\"https:\/\/goldenagerock.be\/infos\/\" \/>\n<meta property=\"og:site_name\" content=\"Golgen Age Rock Festival\" \/>\n<meta property=\"article:publisher\" content=\"https:\/\/www.facebook.com\/goldenagerock\/\" \/>\n<meta property=\"article:modified_time\" content=\"2026-02-24T15:17:01+00:00\" \/>\n<meta name=\"twitter:card\" content=\"summary_large_image\" \/>\n<meta name=\"twitter:label1\" content=\"Geschatte leestijd\" \/>\n\t<meta name=\"twitter:data1\" content=\"2 minuten\" \/>\n<script type=\"application\/ld+json\" class=\"yoast-schema-graph\">{\"@context\":\"https:\/\/schema.org\",\"@graph\":[{\"@type\":\"WebSite\",\"@id\":\"https:\/\/goldenagerock.be\/#website\",\"url\":\"https:\/\/goldenagerock.be\/\",\"name\":\"Golgen Age Rock Festival\",\"description\":\"\",\"potentialAction\":[{\"@type\":\"SearchAction\",\"target\":{\"@type\":\"EntryPoint\",\"urlTemplate\":\"https:\/\/goldenagerock.be\/?s={search_term_string}\"},\"query-input\":\"required name=search_term_string\"}],\"inLanguage\":\"nl\"},{\"@type\":\"WebPage\",\"@id\":\"https:\/\/goldenagerock.be\/infos\/#webpage\",\"url\":\"https:\/\/goldenagerock.be\/infos\/\",\"name\":\"Praktische info - Golgen Age Rock Festival\",\"isPartOf\":{\"@id\":\"https:\/\/goldenagerock.be\/#website\"},\"datePublished\":\"2019-01-22T20:42:07+00:00\",\"dateModified\":\"2026-02-24T15:17:01+00:00\",\"breadcrumb\":{\"@id\":\"https:\/\/goldenagerock.be\/infos\/#breadcrumb\"},\"inLanguage\":\"nl\",\"potentialAction\":[{\"@type\":\"ReadAction\",\"target\":[\"https:\/\/goldenagerock.be\/infos\/\"]}]},{\"@type\":\"BreadcrumbList\",\"@id\":\"https:\/\/goldenagerock.be\/infos\/#breadcrumb\",\"itemListElement\":[{\"@type\":\"ListItem\",\"position\":1,\"name\":\"Accueil\",\"item\":\"https:\/\/goldenagerock.be\/\"},{\"@type\":\"ListItem\",\"position\":2,\"name\":\"Infos pratiques\"}]}]}<\/script>\n<!-- \/ Yoast SEO plugin. -->","yoast_head_json":{"title":"Praktische info - Golgen Age Rock Festival","robots":{"index":"index","follow":"follow","max-snippet":"max-snippet:-1","max-image-preview":"max-image-preview:large","max-video-preview":"max-video-preview:-1"},"canonical":"https:\/\/goldenagerock.be\/infos\/","og_locale":"nl_NL","og_type":"article","og_title":"Praktische info - Golgen Age Rock Festival","og_description":"Waar ? Het GARF vindt plaats in een van de [&hellip;]","og_url":"https:\/\/goldenagerock.be\/infos\/","og_site_name":"Golgen Age Rock Festival","article_publisher":"https:\/\/www.facebook.com\/goldenagerock\/","article_modified_time":"2026-02-24T15:17:01+00:00","twitter_card":"summary_large_image","twitter_misc":{"Geschatte leestijd":"2 minuten"},"schema":{"@context":"https:\/\/schema.org","@graph":[{"@type":"WebSite","@id":"https:\/\/goldenagerock.be\/#website","url":"https:\/\/goldenagerock.be\/","name":"Golgen Age Rock Festival","description":"","potentialAction":[{"@type":"SearchAction","target":{"@type":"EntryPoint","urlTemplate":"https:\/\/goldenagerock.be\/?s={search_term_string}"},"query-input":"required name=search_term_string"}],"inLanguage":"nl"},{"@type":"WebPage","@id":"https:\/\/goldenagerock.be\/infos\/#webpage","url":"https:\/\/goldenagerock.be\/infos\/","name":"Praktische info - Golgen Age Rock Festival","isPartOf":{"@id":"https:\/\/goldenagerock.be\/#website"},"datePublished":"2019-01-22T20:42:07+00:00","dateModified":"2026-02-24T15:17:01+00:00","breadcrumb":{"@id":"https:\/\/goldenagerock.be\/infos\/#breadcrumb"},"inLanguage":"nl","potentialAction":[{"@type":"ReadAction","target":["https:\/\/goldenagerock.be\/infos\/"]}]},{"@type":"BreadcrumbList","@id":"https:\/\/goldenagerock.be\/infos\/#breadcrumb","itemListElement":[{"@type":"ListItem","position":1,"name":"Accueil","item":"https:\/\/goldenagerock.be\/"},{"@type":"ListItem","position":2,"name":"Infos pratiques"}]}]}},"_links":{"self":[{"href":"https:\/\/goldenagerock.be\/nl\/wp-json\/wp\/v2\/pages\/52"}],"collection":[{"href":"https:\/\/goldenagerock.be\/nl\/wp-json\/wp\/v2\/pages"}],"about":[{"href":"https:\/\/goldenagerock.be\/nl\/wp-json\/wp\/v2\/types\/page"}],"author":[{"embeddable":true,"href":"https:\/\/goldenagerock.be\/nl\/wp-json\/wp\/v2\/users\/1"}],"replies":[{"embeddable":true,"href":"https:\/\/goldenagerock.be\/nl\/wp-json\/wp\/v2\/comments?post=52"}],"version-history":[{"count":141,"href":"https:\/\/goldenagerock.be\/nl\/wp-json\/wp\/v2\/pages\/52\/revisions"}],"predecessor-version":[{"id":1935,"href":"https:\/\/goldenagerock.be\/nl\/wp-json\/wp\/v2\/pages\/52\/revisions\/1935"}],"wp:attachment":[{"href":"https:\/\/goldenagerock.be\/nl\/wp-json\/wp\/v2\/media?parent=52"}],"wp:term":[{"taxonomy":"category","embeddable":true,"href":"https:\/\/goldenagerock.be\/nl\/wp-json\/wp\/v2\/categories?post=52"},{"taxonomy":"post_tag","embeddable":true,"href":"https:\/\/goldenagerock.be\/nl\/wp-json\/wp\/v2\/tags?post=52"}],"curies":[{"name":"wp","href":"https:\/\/api.w.org\/{rel}","templated":true}]}}