{"id":9,"date":"2019-01-22T18:03:00","date_gmt":"2019-01-22T17:03:00","guid":{"rendered":"http:\/\/localhost\/garf\/?page_id=9"},"modified":"2026-03-26T10:32:46","modified_gmt":"2026-03-26T09:32:46","slug":"accueil","status":"publish","type":"page","link":"https:\/\/goldenagerock.be\/nl\/","title":{"rendered":"Home"},"content":{"rendered":"<p><\/p>\n<div id=\"ConnectiveDocSignExtentionInstalled\" data-extension-version=\"1.0.4\"><\/div>\n<div id=\"ConnectiveDocSignExtentionInstalled\" data-extension-version=\"1.0.4\"><\/div>\n<div id=\"ConnectiveDocSignExtentionInstalled\" data-extension-version=\"1.0.4\"><\/div>\n<div id=\"ConnectiveDocSignExtentionInstalled\" data-extension-version=\"1.0.4\"><\/div>\n<div id=\"ConnectiveDocSignExtentionInstalled\" data-extension-version=\"1.0.4\"><\/div>\n<div id=\"ConnectiveDocSignExtentionInstalled\" data-extension-version=\"1.0.4\"><\/div>\n<p><\/p>","protected":false},"excerpt":{"rendered":"","protected":false},"author":1,"featured_media":0,"parent":0,"menu_order":0,"comment_status":"closed","ping_status":"closed","template":"accueil.php","meta":{"_mi_skip_tracking":false},"categories":[],"tags":[],"acf":{"photo_gallery":{"slider":[[{"id":1926,"title":"web-welcome-garf-2026","caption":"","full_image_url":"https:\/\/goldenagerock.be\/wp-content\/uploads\/2026\/02\/web-welcome-garf-2026.jpg","thumbnail_image_url":"https:\/\/goldenagerock.be\/wp-content\/uploads\/2026\/02\/web-welcome-garf-2026-150x150.jpg","large_srcset":"https:\/\/goldenagerock.be\/wp-content\/uploads\/2026\/02\/web-welcome-garf-2026-1024x452.jpg 1024w, https:\/\/goldenagerock.be\/wp-content\/uploads\/2026\/02\/web-welcome-garf-2026-300x132.jpg 300w, https:\/\/goldenagerock.be\/wp-content\/uploads\/2026\/02\/web-welcome-garf-2026-768x339.jpg 768w, https:\/\/goldenagerock.be\/wp-content\/uploads\/2026\/02\/web-welcome-garf-2026-1536x678.jpg 1536w, https:\/\/goldenagerock.be\/wp-content\/uploads\/2026\/02\/web-welcome-garf-2026.jpg 1700w","medium_srcset":"https:\/\/goldenagerock.be\/wp-content\/uploads\/2026\/02\/web-welcome-garf-2026-300x132.jpg 300w, https:\/\/goldenagerock.be\/wp-content\/uploads\/2026\/02\/web-welcome-garf-2026-1024x452.jpg 1024w, https:\/\/goldenagerock.be\/wp-content\/uploads\/2026\/02\/web-welcome-garf-2026-768x339.jpg 768w, https:\/\/goldenagerock.be\/wp-content\/uploads\/2026\/02\/web-welcome-garf-2026-1536x678.jpg 1536w, https:\/\/goldenagerock.be\/wp-content\/uploads\/2026\/02\/web-welcome-garf-2026.jpg 1700w","url":"","target":""}]]}},"yoast_head":"<!-- This site is optimized with the Yoast SEO plugin v17.8 - https:\/\/yoast.com\/wordpress\/plugins\/seo\/ -->\n<title>Home - Golgen Age Rock Festival<\/title>\n<meta name=\"description\" content=\"(Fran\u00e7ais) Premi\u00e8re \u00e9dition du GOLDEN AGE ROCK FESTIVAL, Li\u00e8ge, Belgique, Man\u00e8ge de la Caserne Fonck, 23, 24 et 25 ao\u00fbt 2019.\" \/>\n<meta name=\"robots\" content=\"index, follow, max-snippet:-1, max-image-preview:large, max-video-preview:-1\" \/>\n<link rel=\"canonical\" href=\"https:\/\/goldenagerock.be\/\" \/>\n<meta property=\"og:locale\" content=\"nl_NL\" \/>\n<meta property=\"og:type\" content=\"article\" \/>\n<meta property=\"og:title\" content=\"Home - Golgen Age Rock Festival\" \/>\n<meta property=\"og:description\" content=\"{:fr}Premi\u00e8re \u00e9dition du GOLDEN AGE ROCK FESTIVAL, Li\u00e8ge, Belgique, Man\u00e8ge de la Caserne Fonck, 23, 24 et 25 ao\u00fbt 2019.{:}\" \/>\n<meta property=\"og:url\" content=\"https:\/\/goldenagerock.be\/\" \/>\n<meta property=\"og:site_name\" content=\"Golgen Age Rock Festival\" \/>\n<meta property=\"article:publisher\" content=\"https:\/\/www.facebook.com\/goldenagerock\/\" \/>\n<meta property=\"article:modified_time\" content=\"2026-03-26T09:32:46+00:00\" \/>\n<meta name=\"twitter:card\" content=\"summary_large_image\" \/>\n<script type=\"application\/ld+json\" class=\"yoast-schema-graph\">{\"@context\":\"https:\/\/schema.org\",\"@graph\":[{\"@type\":\"WebSite\",\"@id\":\"https:\/\/goldenagerock.be\/#website\",\"url\":\"https:\/\/goldenagerock.be\/\",\"name\":\"Golgen Age Rock Festival\",\"description\":\"\",\"potentialAction\":[{\"@type\":\"SearchAction\",\"target\":{\"@type\":\"EntryPoint\",\"urlTemplate\":\"https:\/\/goldenagerock.be\/?s={search_term_string}\"},\"query-input\":\"required name=search_term_string\"}],\"inLanguage\":\"nl\"},{\"@type\":\"WebPage\",\"@id\":\"https:\/\/goldenagerock.be\/#webpage\",\"url\":\"https:\/\/goldenagerock.be\/\",\"name\":\"Home - Golgen Age Rock Festival\",\"isPartOf\":{\"@id\":\"https:\/\/goldenagerock.be\/#website\"},\"datePublished\":\"2019-01-22T17:03:00+00:00\",\"dateModified\":\"2026-03-26T09:32:46+00:00\",\"description\":\"{:fr}Premi\\u00e8re \\u00e9dition du GOLDEN AGE ROCK FESTIVAL, Li\\u00e8ge, Belgique, Man\\u00e8ge de la Caserne Fonck, 23, 24 et 25 ao\\u00fbt 2019.{:}\",\"breadcrumb\":{\"@id\":\"https:\/\/goldenagerock.be\/#breadcrumb\"},\"inLanguage\":\"nl\",\"potentialAction\":[{\"@type\":\"ReadAction\",\"target\":[\"https:\/\/goldenagerock.be\/\"]}]},{\"@type\":\"BreadcrumbList\",\"@id\":\"https:\/\/goldenagerock.be\/#breadcrumb\",\"itemListElement\":[{\"@type\":\"ListItem\",\"position\":1,\"name\":\"Accueil\",\"item\":\"https:\/\/goldenagerock.be\/\"},{\"@type\":\"ListItem\",\"position\":2,\"name\":\"Accueil\"}]}]}<\/script>\n<!-- \/ Yoast SEO plugin. -->","yoast_head_json":{"title":"Home - Golgen Age Rock Festival","description":"(Fran\u00e7ais) Premi\u00e8re \u00e9dition du GOLDEN AGE ROCK FESTIVAL, Li\u00e8ge, Belgique, Man\u00e8ge de la Caserne Fonck, 23, 24 et 25 ao\u00fbt 2019.","robots":{"index":"index","follow":"follow","max-snippet":"max-snippet:-1","max-image-preview":"max-image-preview:large","max-video-preview":"max-video-preview:-1"},"canonical":"https:\/\/goldenagerock.be\/","og_locale":"nl_NL","og_type":"article","og_title":"Home - Golgen Age Rock Festival","og_description":"{:fr}Premi\u00e8re \u00e9dition du GOLDEN AGE ROCK FESTIVAL, Li\u00e8ge, Belgique, Man\u00e8ge de la Caserne Fonck, 23, 24 et 25 ao\u00fbt 2019.{:}","og_url":"https:\/\/goldenagerock.be\/","og_site_name":"Golgen Age Rock Festival","article_publisher":"https:\/\/www.facebook.com\/goldenagerock\/","article_modified_time":"2026-03-26T09:32:46+00:00","twitter_card":"summary_large_image","schema":{"@context":"https:\/\/schema.org","@graph":[{"@type":"WebSite","@id":"https:\/\/goldenagerock.be\/#website","url":"https:\/\/goldenagerock.be\/","name":"Golgen Age Rock Festival","description":"","potentialAction":[{"@type":"SearchAction","target":{"@type":"EntryPoint","urlTemplate":"https:\/\/goldenagerock.be\/?s={search_term_string}"},"query-input":"required name=search_term_string"}],"inLanguage":"nl"},{"@type":"WebPage","@id":"https:\/\/goldenagerock.be\/#webpage","url":"https:\/\/goldenagerock.be\/","name":"Home - Golgen Age Rock Festival","isPartOf":{"@id":"https:\/\/goldenagerock.be\/#website"},"datePublished":"2019-01-22T17:03:00+00:00","dateModified":"2026-03-26T09:32:46+00:00","description":"{:fr}Premi\u00e8re \u00e9dition du GOLDEN AGE ROCK FESTIVAL, Li\u00e8ge, Belgique, Man\u00e8ge de la Caserne Fonck, 23, 24 et 25 ao\u00fbt 2019.{:}","breadcrumb":{"@id":"https:\/\/goldenagerock.be\/#breadcrumb"},"inLanguage":"nl","potentialAction":[{"@type":"ReadAction","target":["https:\/\/goldenagerock.be\/"]}]},{"@type":"BreadcrumbList","@id":"https:\/\/goldenagerock.be\/#breadcrumb","itemListElement":[{"@type":"ListItem","position":1,"name":"Accueil","item":"https:\/\/goldenagerock.be\/"},{"@type":"ListItem","position":2,"name":"Accueil"}]}]}},"_links":{"self":[{"href":"https:\/\/goldenagerock.be\/nl\/wp-json\/wp\/v2\/pages\/9"}],"collection":[{"href":"https:\/\/goldenagerock.be\/nl\/wp-json\/wp\/v2\/pages"}],"about":[{"href":"https:\/\/goldenagerock.be\/nl\/wp-json\/wp\/v2\/types\/page"}],"author":[{"embeddable":true,"href":"https:\/\/goldenagerock.be\/nl\/wp-json\/wp\/v2\/users\/1"}],"replies":[{"embeddable":true,"href":"https:\/\/goldenagerock.be\/nl\/wp-json\/wp\/v2\/comments?post=9"}],"version-history":[{"count":45,"href":"https:\/\/goldenagerock.be\/nl\/wp-json\/wp\/v2\/pages\/9\/revisions"}],"predecessor-version":[{"id":1948,"href":"https:\/\/goldenagerock.be\/nl\/wp-json\/wp\/v2\/pages\/9\/revisions\/1948"}],"wp:attachment":[{"href":"https:\/\/goldenagerock.be\/nl\/wp-json\/wp\/v2\/media?parent=9"}],"wp:term":[{"taxonomy":"category","embeddable":true,"href":"https:\/\/goldenagerock.be\/nl\/wp-json\/wp\/v2\/categories?post=9"},{"taxonomy":"post_tag","embeddable":true,"href":"https:\/\/goldenagerock.be\/nl\/wp-json\/wp\/v2\/tags?post=9"}],"curies":[{"name":"wp","href":"https:\/\/api.w.org\/{rel}","templated":true}]}}